{"id":58,"date":"2023-05-11T09:32:03","date_gmt":"2023-05-11T09:32:03","guid":{"rendered":"https:\/\/lephysiquebcn.com\/?page_id=58"},"modified":"2023-07-05T08:32:52","modified_gmt":"2023-07-05T08:32:52","slug":"contacto","status":"publish","type":"page","link":"https:\/\/lephysiquebcn.com\/ca\/contacto\/","title":{"rendered":"Contacto"},"content":{"rendered":"<div data-elementor-type=\"wp-page\" data-elementor-id=\"58\" class=\"elementor elementor-58\">\n\t\t\t\t\t\t<section class=\"elementor-section elementor-top-section elementor-element elementor-element-76270ea elementor-section-boxed elementor-section-height-default elementor-section-height-default\" data-id=\"76270ea\" data-element_type=\"section\" data-e-type=\"section\" data-settings=\"{&quot;background_background&quot;:&quot;classic&quot;}\">\n\t\t\t\t\t\t<div class=\"elementor-container elementor-column-gap-default\">\n\t\t\t\t\t<div class=\"elementor-column elementor-col-100 elementor-top-column elementor-element elementor-element-9f8de71\" data-id=\"9f8de71\" data-element_type=\"column\" data-e-type=\"column\">\n\t\t\t<div class=\"elementor-widget-wrap elementor-element-populated\">\n\t\t\t\t\t\t<section class=\"elementor-section elementor-inner-section elementor-element elementor-element-21987b9 elementor-section-boxed elementor-section-height-default elementor-section-height-default\" data-id=\"21987b9\" data-element_type=\"section\" data-e-type=\"section\">\n\t\t\t\t\t\t<div class=\"elementor-container elementor-column-gap-default\">\n\t\t\t\t\t<div class=\"elementor-column elementor-col-50 elementor-inner-column elementor-element elementor-element-c4b42ef\" data-id=\"c4b42ef\" data-element_type=\"column\" data-e-type=\"column\">\n\t\t\t<div class=\"elementor-widget-wrap elementor-element-populated\">\n\t\t\t\t\t\t<div class=\"elementor-element elementor-element-7d1dd93 elementor-widget elementor-widget-heading\" data-id=\"7d1dd93\" data-element_type=\"widget\" data-e-type=\"widget\" data-widget_type=\"heading.default\">\n\t\t\t\t<div class=\"elementor-widget-container\">\n\t\t\t\t\t<h2 class=\"elementor-heading-title elementor-size-default\">NECESSITES AJUDA?<\/h2>\t\t\t\t<\/div>\n\t\t\t\t<\/div>\n\t\t\t\t<div class=\"elementor-element elementor-element-bb61c00 elementor-widget elementor-widget-text-editor\" data-id=\"bb61c00\" data-element_type=\"widget\" data-e-type=\"widget\" data-widget_type=\"text-editor.default\">\n\t\t\t\t<div class=\"elementor-widget-container\">\n\t\t\t\t\t\t\t\t\t<p>Som aqu\u00ed per a ajudar-te. Si us plau, emplena el seg\u00fcent formulari o posa't en contacte amb nosaltres directament. El nostre horari d'atenci\u00f3 al client \u00e9s <strong>de dilluns a divendres de 09.00 a 13.00 hores i de 17.00 a 20.00 hores.<\/strong><\/p>\t\t\t\t\t\t\t\t<\/div>\n\t\t\t\t<\/div>\n\t\t\t\t<div class=\"elementor-element elementor-element-832bead elementor-icon-list--layout-traditional elementor-list-item-link-full_width elementor-widget elementor-widget-icon-list\" data-id=\"832bead\" data-element_type=\"widget\" data-e-type=\"widget\" data-widget_type=\"icon-list.default\">\n\t\t\t\t<div class=\"elementor-widget-container\">\n\t\t\t\t\t\t\t<ul class=\"elementor-icon-list-items\">\n\t\t\t\t\t\t\t<li class=\"elementor-icon-list-item\">\n\t\t\t\t\t\t\t\t\t\t\t<a href=\"mailto:info@lephysiquebcn.com\">\n\n\t\t\t\t\t\t\t\t\t\t\t\t<span class=\"elementor-icon-list-icon\">\n\t\t\t\t\t\t\t<i aria-hidden=\"true\" class=\"far fa-envelope\"><\/i>\t\t\t\t\t\t<\/span>\n\t\t\t\t\t\t\t\t\t\t<span class=\"elementor-icon-list-text\">info@lephysiquebcn.com<\/span>\n\t\t\t\t\t\t\t\t\t\t\t<\/a>\n\t\t\t\t\t\t\t\t\t<\/li>\n\t\t\t\t\t\t\t\t<li class=\"elementor-icon-list-item\">\n\t\t\t\t\t\t\t\t\t\t\t<a href=\"tel:+34647079618\">\n\n\t\t\t\t\t\t\t\t\t\t\t\t<span class=\"elementor-icon-list-icon\">\n\t\t\t\t\t\t\t<i aria-hidden=\"true\" class=\"fas fa-phone-alt\"><\/i>\t\t\t\t\t\t<\/span>\n\t\t\t\t\t\t\t\t\t\t<span class=\"elementor-icon-list-text\">+34.647.079.618<\/span>\n\t\t\t\t\t\t\t\t\t\t\t<\/a>\n\t\t\t\t\t\t\t\t\t<\/li>\n\t\t\t\t\t\t<\/ul>\n\t\t\t\t\t\t<\/div>\n\t\t\t\t<\/div>\n\t\t\t\t<div class=\"elementor-element elementor-element-5ffde8d elementor-widget elementor-widget-heading\" data-id=\"5ffde8d\" data-element_type=\"widget\" data-e-type=\"widget\" data-widget_type=\"heading.default\">\n\t\t\t\t<div class=\"elementor-widget-container\">\n\t\t\t\t\t<h2 class=\"elementor-heading-title elementor-size-default\">SEGUEIX-NOS A<\/h2>\t\t\t\t<\/div>\n\t\t\t\t<\/div>\n\t\t\t\t<div class=\"elementor-element elementor-element-8f19863 elementor-shape-circle e-grid-align-left elementor-grid-0 elementor-widget elementor-widget-social-icons\" data-id=\"8f19863\" data-element_type=\"widget\" data-e-type=\"widget\" data-widget_type=\"social-icons.default\">\n\t\t\t\t<div class=\"elementor-widget-container\">\n\t\t\t\t\t\t\t<div class=\"elementor-social-icons-wrapper elementor-grid\">\n\t\t\t\t\t\t\t<span class=\"elementor-grid-item\">\n\t\t\t\t\t<a class=\"elementor-icon elementor-social-icon elementor-social-icon-instagram elementor-repeater-item-d700658\" href=\"https:\/\/www.instagram.com\/lephysiquebcn\/\" target=\"_blank\">\n\t\t\t\t\t\t<span class=\"elementor-screen-only\">Instagram<\/span>\n\t\t\t\t\t\t<i aria-hidden=\"true\" class=\"fab fa-instagram\"><\/i>\t\t\t\t\t<\/a>\n\t\t\t\t<\/span>\n\t\t\t\t\t<\/div>\n\t\t\t\t\t\t<\/div>\n\t\t\t\t<\/div>\n\t\t\t\t\t<\/div>\n\t\t<\/div>\n\t\t\t\t<div class=\"elementor-column elementor-col-50 elementor-inner-column elementor-element elementor-element-3d9e8cf\" data-id=\"3d9e8cf\" data-element_type=\"column\" data-e-type=\"column\">\n\t\t\t<div class=\"elementor-widget-wrap elementor-element-populated\">\n\t\t\t\t\t\t<div class=\"elementor-element elementor-element-f48957a eael-contact-form-7-button-align-left eael-contact-form-7-button-custom elementor-widget elementor-widget-eael-contact-form-7\" data-id=\"f48957a\" data-element_type=\"widget\" data-e-type=\"widget\" data-widget_type=\"eael-contact-form-7.default\">\n\t\t\t\t<div class=\"elementor-widget-container\">\n\t\t\t\t\t<div class=\"eael-contact-form-7-wrapper\">\n                <div class=\"eael-contact-form eael-contact-form-7 eael-contact-form-f48957a placeholder-show eael-contact-form-align-default\">\n<div class=\"wpcf7 no-js\" id=\"wpcf7-f23-o1\" lang=\"es-ES\" dir=\"ltr\" data-wpcf7-id=\"23\">\n<div class=\"screen-reader-response\"><p role=\"status\" aria-live=\"polite\" aria-atomic=\"true\"><\/p> <ul><\/ul><\/div>\n<form action=\"\/ca\/wp-json\/wp\/v2\/pages\/58#wpcf7-f23-o1\" method=\"post\" class=\"wpcf7-form init\" aria-label=\"Formulario de contacto\" novalidate=\"novalidate\" data-status=\"init\" data-trp-original-action=\"\/ca\/wp-json\/wp\/v2\/pages\/58#wpcf7-f23-o1\">\n<fieldset class=\"hidden-fields-container\"><input type=\"hidden\" name=\"_wpcf7\" value=\"23\" \/><input type=\"hidden\" name=\"_wpcf7_version\" value=\"6.1.5\" \/><input type=\"hidden\" name=\"_wpcf7_locale\" value=\"es_ES\" \/><input type=\"hidden\" name=\"_wpcf7_unit_tag\" value=\"wpcf7-f23-o1\" \/><input type=\"hidden\" name=\"_wpcf7_container_post\" value=\"0\" \/><input type=\"hidden\" name=\"_wpcf7_posted_data_hash\" value=\"\" \/>\n<\/fieldset>\n<p><label> Nom<br \/>\n<span class=\"wpcf7-form-control-wrap\" data-name=\"your-name\"><input size=\"40\" maxlength=\"400\" class=\"wpcf7-form-control wpcf7-text wpcf7-validates-as-required\" autocomplete=\"name\" aria-required=\"true\" aria-invalid=\"false\" value=\"\" type=\"text\" name=\"your-name\" \/><\/span> <\/label>\n<\/p>\n<p><label> Correu electr\u00f2nic<br \/>\n<span class=\"wpcf7-form-control-wrap\" data-name=\"your-email\"><input size=\"40\" maxlength=\"400\" class=\"wpcf7-form-control wpcf7-email wpcf7-validates-as-required wpcf7-text wpcf7-validates-as-email\" autocomplete=\"email\" aria-required=\"true\" aria-invalid=\"false\" value=\"\" type=\"email\" name=\"your-email\" \/><\/span> <\/label>\n<\/p>\n<p><label> Tel\u00e8fon<br \/>\n<span class=\"wpcf7-form-control-wrap\" data-name=\"telefono\"><input size=\"40\" maxlength=\"400\" class=\"wpcf7-form-control wpcf7-tel wpcf7-validates-as-required wpcf7-text wpcf7-validates-as-tel\" aria-required=\"true\" aria-invalid=\"false\" value=\"\" type=\"tel\" name=\"telefono\" \/><\/span> <\/label>\n<\/p>\n<p><label> El teu missatge (opcional)<br \/>\n<span class=\"wpcf7-form-control-wrap\" data-name=\"your-message\"><textarea cols=\"40\" rows=\"10\" maxlength=\"2000\" class=\"wpcf7-form-control wpcf7-textarea\" aria-invalid=\"false\" name=\"your-message\"><\/textarea><\/span> <\/label>\n<\/p>\n<p><span class=\"wpcf7-form-control-wrap\" data-name=\"politica\"><span class=\"wpcf7-form-control wpcf7-checkbox wpcf7-validates-as-required\"><span class=\"wpcf7-list-item first last\"><label><input type=\"checkbox\" name=\"politica[]\" value=\"He le\u00eddo y acepto las pol\u00edticas de este sitio\" \/><span class=\"wpcf7-list-item-label\">He llegit i accepto les pol\u00edtiques d'aquest lloc web<\/span><\/label><\/span><\/span><\/span>\n<\/p>\n<p><input class=\"wpcf7-form-control wpcf7-submit has-spinner\" type=\"submit\" value=\"Enviar\" \/>\n<\/p><div class=\"wpcf7-response-output\" aria-hidden=\"true\"><\/div>\n<input type=\"hidden\" name=\"trp-form-language\" value=\"ca\"\/><\/form>\n<\/div>\n<\/div>\n            <\/div>\t\t\t\t<\/div>\n\t\t\t\t<\/div>\n\t\t\t\t\t<\/div>\n\t\t<\/div>\n\t\t\t\t\t<\/div>\n\t\t<\/section>\n\t\t\t\t\t<\/div>\n\t\t<\/div>\n\t\t\t\t\t<\/div>\n\t\t<\/section>\n\t\t\t\t<section class=\"elementor-section elementor-top-section elementor-element elementor-element-eaaef3f elementor-section-full_width elementor-section-height-default elementor-section-height-default\" data-id=\"eaaef3f\" data-element_type=\"section\" data-e-type=\"section\">\n\t\t\t\t\t\t<div class=\"elementor-container elementor-column-gap-default\">\n\t\t\t\t\t<div class=\"elementor-column elementor-col-100 elementor-top-column elementor-element elementor-element-807f9e9\" data-id=\"807f9e9\" data-element_type=\"column\" data-e-type=\"column\">\n\t\t\t<div class=\"elementor-widget-wrap elementor-element-populated\">\n\t\t\t\t\t\t<div class=\"elementor-element elementor-element-4e047c4 elementor-widget elementor-widget-google_maps\" data-id=\"4e047c4\" data-element_type=\"widget\" data-e-type=\"widget\" data-widget_type=\"google_maps.default\">\n\t\t\t\t<div class=\"elementor-widget-container\">\n\t\t\t\t\t\t\t<div class=\"elementor-custom-embed\">\n\t\t\t<iframe loading=\"lazy\"\n\t\t\t\t\tsrc=\"https:\/\/maps.google.com\/maps?q=Carrer%2C%20Cam%C3%AD%20Vell%20de%20Sant%20Celoni%2C%2033%2C%2008460%20Santa%20Maria%20de%20Palautordera%2C%20Barcelona&#038;t=m&#038;z=16&#038;output=embed&#038;iwloc=near\"\n\t\t\t\t\ttitle=\"Carrer, Cam\u00ed Vell de Sant Celoni, 33, 08460 Santa Maria de Palautordera, Barcelona\"\n\t\t\t\t\taria-label=\"Carrer, Cam\u00ed Vell de Sant Celoni, 33, 08460 Santa Maria de Palautordera, Barcelona\"\n\t\t\t><\/iframe>\n\t\t<\/div>\n\t\t\t\t\t\t<\/div>\n\t\t\t\t<\/div>\n\t\t\t\t\t<\/div>\n\t\t<\/div>\n\t\t\t\t\t<\/div>\n\t\t<\/section>\n\t\t\t\t<\/div>","protected":false},"excerpt":{"rendered":"<p>\u00bfNECESITAS AYUDA? Estamos aqu\u00ed para ayudarte. Por favor, rellena el siguiente formulario o ponte en contacto con nosotros directamente. Nuestro horario de atenci\u00f3n al cliente es de lunes a viernes de 09:00 a 13:00 horas y de 17:00 a 20:00 horas. info@lephysiquebcn.com +34.647.079.618 S\u00cdGUENOS EN Instagram Nombre Correo electr\u00f3nico Tel\u00e9fono Tu mensaje (opcional) He le\u00eddo [&hellip;]<\/p>\n","protected":false},"author":1,"featured_media":0,"parent":0,"menu_order":0,"comment_status":"closed","ping_status":"closed","template":"","meta":{"_monsterinsights_skip_tracking":false,"_monsterinsights_sitenote_active":false,"_monsterinsights_sitenote_note":"","_monsterinsights_sitenote_category":0,"site-sidebar-layout":"no-sidebar","site-content-layout":"page-builder","ast-site-content-layout":"default","site-content-style":"default","site-sidebar-style":"default","ast-global-header-display":"","ast-banner-title-visibility":"","ast-main-header-display":"","ast-hfb-above-header-display":"","ast-hfb-below-header-display":"","ast-hfb-mobile-header-display":"","site-post-title":"disabled","ast-breadcrumbs-content":"","ast-featured-img":"disabled","footer-sml-layout":"","ast-disable-related-posts":"","theme-transparent-header-meta":"","adv-header-id-meta":"","stick-header-meta":"","header-above-stick-meta":"","header-main-stick-meta":"","header-below-stick-meta":"","astra-migrate-meta-layouts":"default","ast-page-background-enabled":"default","ast-page-background-meta":{"desktop":{"background-color":"var(--ast-global-color-4)","background-image":"","background-repeat":"repeat","background-position":"center center","background-size":"auto","background-attachment":"scroll","background-type":"","background-media":"","overlay-type":"","overlay-color":"","overlay-opacity":"","overlay-gradient":""},"tablet":{"background-color":"","background-image":"","background-repeat":"repeat","background-position":"center center","background-size":"auto","background-attachment":"scroll","background-type":"","background-media":"","overlay-type":"","overlay-color":"","overlay-opacity":"","overlay-gradient":""},"mobile":{"background-color":"","background-image":"","background-repeat":"repeat","background-position":"center center","background-size":"auto","background-attachment":"scroll","background-type":"","background-media":"","overlay-type":"","overlay-color":"","overlay-opacity":"","overlay-gradient":""}},"ast-content-background-meta":{"desktop":{"background-color":"var(--ast-global-color-5)","background-image":"","background-repeat":"repeat","background-position":"center center","background-size":"auto","background-attachment":"scroll","background-type":"","background-media":"","overlay-type":"","overlay-color":"","overlay-opacity":"","overlay-gradient":""},"tablet":{"background-color":"var(--ast-global-color-5)","background-image":"","background-repeat":"repeat","background-position":"center center","background-size":"auto","background-attachment":"scroll","background-type":"","background-media":"","overlay-type":"","overlay-color":"","overlay-opacity":"","overlay-gradient":""},"mobile":{"background-color":"var(--ast-global-color-5)","background-image":"","background-repeat":"repeat","background-position":"center center","background-size":"auto","background-attachment":"scroll","background-type":"","background-media":"","overlay-type":"","overlay-color":"","overlay-opacity":"","overlay-gradient":""}},"footnotes":""},"class_list":["post-58","page","type-page","status-publish","hentry"],"yoast_head":"<!-- This site is optimized with the Yoast SEO plugin v27.6 - https:\/\/yoast.com\/product\/yoast-seo-wordpress\/ -->\n<title>Contacto - Le Physique Barcelona<\/title>\n<meta name=\"description\" content=\"Estamos aqu\u00ed para ayudarte. Por favor, rellena el siguiente formulario o ponte en contacto con nosotros directamente. Nuestro horario de atenci\u00f3n al cliente es de lunes a viernes de 09:00 a 13:00 horas y de 17:00 a 20:00 horas.\" \/>\n<meta name=\"robots\" content=\"noindex, nofollow\" \/>\n<meta property=\"og:locale\" content=\"ca_ES\" \/>\n<meta property=\"og:type\" content=\"article\" \/>\n<meta property=\"og:title\" content=\"Contacto - Le Physique Barcelona\" \/>\n<meta property=\"og:description\" content=\"Estamos aqu\u00ed para ayudarte. Por favor, rellena el siguiente formulario o ponte en contacto con nosotros directamente. Nuestro horario de atenci\u00f3n al cliente es de lunes a viernes de 09:00 a 13:00 horas y de 17:00 a 20:00 horas.\" \/>\n<meta property=\"og:url\" content=\"https:\/\/lephysiquebcn.com\/ca\/contacto\/\" \/>\n<meta property=\"og:site_name\" content=\"lephysiquebcn.com\" \/>\n<meta property=\"article:modified_time\" content=\"2023-07-05T08:32:52+00:00\" \/>\n<meta name=\"twitter:card\" content=\"summary_large_image\" \/>\n<meta name=\"twitter:label1\" content=\"Temps estimat de lectura\" \/>\n\t<meta name=\"twitter:data1\" content=\"1 minut\" \/>\n<script type=\"application\/ld+json\" class=\"yoast-schema-graph\">{\"@context\":\"https:\\\/\\\/schema.org\",\"@graph\":[{\"@type\":\"WebPage\",\"@id\":\"https:\\\/\\\/lephysiquebcn.com\\\/contacto\\\/\",\"url\":\"https:\\\/\\\/lephysiquebcn.com\\\/contacto\\\/\",\"name\":\"Contacto - Le Physique Barcelona\",\"isPartOf\":{\"@id\":\"https:\\\/\\\/lephysiquebcn.com\\\/#website\"},\"datePublished\":\"2023-05-11T09:32:03+00:00\",\"dateModified\":\"2023-07-05T08:32:52+00:00\",\"description\":\"Estamos aqu\u00ed para ayudarte. Por favor, rellena el siguiente formulario o ponte en contacto con nosotros directamente. Nuestro horario de atenci\u00f3n al cliente es de lunes a viernes de 09:00 a 13:00 horas y de 17:00 a 20:00 horas.\",\"breadcrumb\":{\"@id\":\"https:\\\/\\\/lephysiquebcn.com\\\/contacto\\\/#breadcrumb\"},\"inLanguage\":\"ca\",\"potentialAction\":[{\"@type\":\"ReadAction\",\"target\":[\"https:\\\/\\\/lephysiquebcn.com\\\/contacto\\\/\"]}]},{\"@type\":\"BreadcrumbList\",\"@id\":\"https:\\\/\\\/lephysiquebcn.com\\\/contacto\\\/#breadcrumb\",\"itemListElement\":[{\"@type\":\"ListItem\",\"position\":1,\"name\":\"Portada\",\"item\":\"https:\\\/\\\/lephysiquebcn.com\\\/\"},{\"@type\":\"ListItem\",\"position\":2,\"name\":\"Contacto\"}]},{\"@type\":\"WebSite\",\"@id\":\"https:\\\/\\\/lephysiquebcn.com\\\/#website\",\"url\":\"https:\\\/\\\/lephysiquebcn.com\\\/\",\"name\":\"lephysiquebcn.com\",\"description\":\"Otro sitio realizado con WordPress\",\"publisher\":{\"@id\":\"https:\\\/\\\/lephysiquebcn.com\\\/#organization\"},\"potentialAction\":[{\"@type\":\"SearchAction\",\"target\":{\"@type\":\"EntryPoint\",\"urlTemplate\":\"https:\\\/\\\/lephysiquebcn.com\\\/?s={search_term_string}\"},\"query-input\":{\"@type\":\"PropertyValueSpecification\",\"valueRequired\":true,\"valueName\":\"search_term_string\"}}],\"inLanguage\":\"ca\"},{\"@type\":\"Organization\",\"@id\":\"https:\\\/\\\/lephysiquebcn.com\\\/#organization\",\"name\":\"lephysiquebcn.com\",\"url\":\"https:\\\/\\\/lephysiquebcn.com\\\/\",\"logo\":{\"@type\":\"ImageObject\",\"inLanguage\":\"ca\",\"@id\":\"https:\\\/\\\/lephysiquebcn.com\\\/#\\\/schema\\\/logo\\\/image\\\/\",\"url\":\"https:\\\/\\\/lephysiquebcn.com\\\/wp-content\\\/uploads\\\/2023\\\/05\\\/cropped-Logo-Le-Physique-BCN.png\",\"contentUrl\":\"https:\\\/\\\/lephysiquebcn.com\\\/wp-content\\\/uploads\\\/2023\\\/05\\\/cropped-Logo-Le-Physique-BCN.png\",\"width\":900,\"height\":300,\"caption\":\"lephysiquebcn.com\"},\"image\":{\"@id\":\"https:\\\/\\\/lephysiquebcn.com\\\/#\\\/schema\\\/logo\\\/image\\\/\"}}]}<\/script>\n<!-- \/ Yoast SEO plugin. -->","yoast_head_json":{"title":"Contacto - Le Physique Barcelona","description":"Estamos aqu\u00ed para ayudarte. Por favor, rellena el siguiente formulario o ponte en contacto con nosotros directamente. Nuestro horario de atenci\u00f3n al cliente es de lunes a viernes de 09:00 a 13:00 horas y de 17:00 a 20:00 horas.","robots":{"index":"noindex","follow":"nofollow"},"og_locale":"ca_ES","og_type":"article","og_title":"Contacto - Le Physique Barcelona","og_description":"Estamos aqu\u00ed para ayudarte. Por favor, rellena el siguiente formulario o ponte en contacto con nosotros directamente. Nuestro horario de atenci\u00f3n al cliente es de lunes a viernes de 09:00 a 13:00 horas y de 17:00 a 20:00 horas.","og_url":"https:\/\/lephysiquebcn.com\/ca\/contacto\/","og_site_name":"lephysiquebcn.com","article_modified_time":"2023-07-05T08:32:52+00:00","twitter_card":"summary_large_image","twitter_misc":{"Temps estimat de lectura":"1 minut"},"schema":{"@context":"https:\/\/schema.org","@graph":[{"@type":"WebPage","@id":"https:\/\/lephysiquebcn.com\/contacto\/","url":"https:\/\/lephysiquebcn.com\/contacto\/","name":"Contacto - Le Physique Barcelona","isPartOf":{"@id":"https:\/\/lephysiquebcn.com\/#website"},"datePublished":"2023-05-11T09:32:03+00:00","dateModified":"2023-07-05T08:32:52+00:00","description":"Estamos aqu\u00ed para ayudarte. Por favor, rellena el siguiente formulario o ponte en contacto con nosotros directamente. Nuestro horario de atenci\u00f3n al cliente es de lunes a viernes de 09:00 a 13:00 horas y de 17:00 a 20:00 horas.","breadcrumb":{"@id":"https:\/\/lephysiquebcn.com\/contacto\/#breadcrumb"},"inLanguage":"ca","potentialAction":[{"@type":"ReadAction","target":["https:\/\/lephysiquebcn.com\/contacto\/"]}]},{"@type":"BreadcrumbList","@id":"https:\/\/lephysiquebcn.com\/contacto\/#breadcrumb","itemListElement":[{"@type":"ListItem","position":1,"name":"Portada","item":"https:\/\/lephysiquebcn.com\/"},{"@type":"ListItem","position":2,"name":"Contacto"}]},{"@type":"WebSite","@id":"https:\/\/lephysiquebcn.com\/#website","url":"https:\/\/lephysiquebcn.com\/","name":"lephysiquebcn.com","description":"Otro sitio realizado con WordPress","publisher":{"@id":"https:\/\/lephysiquebcn.com\/#organization"},"potentialAction":[{"@type":"SearchAction","target":{"@type":"EntryPoint","urlTemplate":"https:\/\/lephysiquebcn.com\/?s={search_term_string}"},"query-input":{"@type":"PropertyValueSpecification","valueRequired":true,"valueName":"search_term_string"}}],"inLanguage":"ca"},{"@type":"Organization","@id":"https:\/\/lephysiquebcn.com\/#organization","name":"lephysiquebcn.com","url":"https:\/\/lephysiquebcn.com\/","logo":{"@type":"ImageObject","inLanguage":"ca","@id":"https:\/\/lephysiquebcn.com\/#\/schema\/logo\/image\/","url":"https:\/\/lephysiquebcn.com\/wp-content\/uploads\/2023\/05\/cropped-Logo-Le-Physique-BCN.png","contentUrl":"https:\/\/lephysiquebcn.com\/wp-content\/uploads\/2023\/05\/cropped-Logo-Le-Physique-BCN.png","width":900,"height":300,"caption":"lephysiquebcn.com"},"image":{"@id":"https:\/\/lephysiquebcn.com\/#\/schema\/logo\/image\/"}}]}},"_links":{"self":[{"href":"https:\/\/lephysiquebcn.com\/ca\/wp-json\/wp\/v2\/pages\/58","targetHints":{"allow":["GET"]}}],"collection":[{"href":"https:\/\/lephysiquebcn.com\/ca\/wp-json\/wp\/v2\/pages"}],"about":[{"href":"https:\/\/lephysiquebcn.com\/ca\/wp-json\/wp\/v2\/types\/page"}],"author":[{"embeddable":true,"href":"https:\/\/lephysiquebcn.com\/ca\/wp-json\/wp\/v2\/users\/1"}],"replies":[{"embeddable":true,"href":"https:\/\/lephysiquebcn.com\/ca\/wp-json\/wp\/v2\/comments?post=58"}],"version-history":[{"count":8,"href":"https:\/\/lephysiquebcn.com\/ca\/wp-json\/wp\/v2\/pages\/58\/revisions"}],"predecessor-version":[{"id":276,"href":"https:\/\/lephysiquebcn.com\/ca\/wp-json\/wp\/v2\/pages\/58\/revisions\/276"}],"wp:attachment":[{"href":"https:\/\/lephysiquebcn.com\/ca\/wp-json\/wp\/v2\/media?parent=58"}],"curies":[{"name":"wp","href":"https:\/\/api.w.org\/{rel}","templated":true}]}}