{"id":49,"date":"2023-05-11T09:15:55","date_gmt":"2023-05-11T09:15:55","guid":{"rendered":"https:\/\/lephysiquebcn.com\/?post_type=product&#038;p=49"},"modified":"2024-07-08T07:55:26","modified_gmt":"2024-07-08T07:55:26","slug":"maquina-fitness-2","status":"publish","type":"product","link":"https:\/\/lephysiquebcn.com\/ca\/producte\/maquina-fitness-2\/","title":{"rendered":"Hack 45\u00ba"},"content":{"rendered":"<p>Hack 45, plataforma amb angulaci\u00f3 regulable, permet grans c\u00e0rregues, i treballar tant de cara com invertit, aix\u00ed aconseguim canviar en la mateixa m\u00e0quina el com incideix el pes en diferents zones del qu\u00e0driceps.<\/p>\n<ul>\n<li>Llarg-2300 mm.<\/li>\n<li>Alt-1500 mm.<\/li>\n<li>Ample-700 mm.<\/li>\n<\/ul>","protected":false},"excerpt":{"rendered":"<p>Hack 45, plataforma amb angulaci\u00f3 regulable, permet grans c\u00e0rregues, i treballar tant de cara com invertit, aix\u00ed aconseguim canviar en la mateixa m\u00e0quina el com incideix el pes en diferents zones del qu\u00e0driceps.<\/p>\n<ul>\n<li>Llarg-2300 mm.<\/li>\n<li>Alt-1500 mm.<\/li>\n<li>Ample-700 mm.<\/li>\n<\/ul>","protected":false},"featured_media":195,"comment_status":"open","ping_status":"closed","template":"","meta":{"_monsterinsights_skip_tracking":false,"_monsterinsights_sitenote_active":false,"_monsterinsights_sitenote_note":"","_monsterinsights_sitenote_category":0,"site-sidebar-layout":"default","site-content-layout":"default","ast-site-content-layout":"default","site-content-style":"default","site-sidebar-style":"default","ast-global-header-display":"","ast-banner-title-visibility":"","ast-main-header-display":"","ast-hfb-above-header-display":"","ast-hfb-below-header-display":"","ast-hfb-mobile-header-display":"","site-post-title":"","ast-breadcrumbs-content":"","ast-featured-img":"","footer-sml-layout":"","ast-disable-related-posts":"","theme-transparent-header-meta":"default","adv-header-id-meta":"","stick-header-meta":"","header-above-stick-meta":"","header-main-stick-meta":"","header-below-stick-meta":"","astra-migrate-meta-layouts":"default","ast-page-background-enabled":"default","ast-page-background-meta":{"desktop":{"background-color":"var(--ast-global-color-4)","background-image":"","background-repeat":"repeat","background-position":"center center","background-size":"auto","background-attachment":"scroll","background-type":"","background-media":"","overlay-type":"","overlay-color":"","overlay-opacity":"","overlay-gradient":""},"tablet":{"background-color":"","background-image":"","background-repeat":"repeat","background-position":"center center","background-size":"auto","background-attachment":"scroll","background-type":"","background-media":"","overlay-type":"","overlay-color":"","overlay-opacity":"","overlay-gradient":""},"mobile":{"background-color":"","background-image":"","background-repeat":"repeat","background-position":"center center","background-size":"auto","background-attachment":"scroll","background-type":"","background-media":"","overlay-type":"","overlay-color":"","overlay-opacity":"","overlay-gradient":""}},"ast-content-background-meta":{"desktop":{"background-color":"var(--ast-global-color-5)","background-image":"","background-repeat":"repeat","background-position":"center center","background-size":"auto","background-attachment":"scroll","background-type":"","background-media":"","overlay-type":"","overlay-color":"","overlay-opacity":"","overlay-gradient":""},"tablet":{"background-color":"var(--ast-global-color-5)","background-image":"","background-repeat":"repeat","background-position":"center center","background-size":"auto","background-attachment":"scroll","background-type":"","background-media":"","overlay-type":"","overlay-color":"","overlay-opacity":"","overlay-gradient":""},"mobile":{"background-color":"var(--ast-global-color-5)","background-image":"","background-repeat":"repeat","background-position":"center center","background-size":"auto","background-attachment":"scroll","background-type":"","background-media":"","overlay-type":"","overlay-color":"","overlay-opacity":"","overlay-gradient":""}}},"product_brand":[],"product_cat":[21],"product_tag":[20],"class_list":{"0":"post-49","1":"product","2":"type-product","3":"status-publish","4":"has-post-thumbnail","6":"product_cat-maquina-fitness","7":"product_tag-maquina-fitness","8":"desktop-align-left","9":"tablet-align-left","10":"mobile-align-left","12":"first","13":"instock","14":"sale","15":"taxable","16":"shipping-taxable","17":"purchasable","18":"product-type-simple"},"yoast_head":"<!-- This site is optimized with the Yoast SEO plugin v27.4 - https:\/\/yoast.com\/product\/yoast-seo-wordpress\/ -->\n<title>Hack 45 - Le Physique Barcelona<\/title>\n<meta name=\"robots\" content=\"index, follow, max-snippet:-1, max-image-preview:large, max-video-preview:-1\" \/>\n<link rel=\"canonical\" href=\"https:\/\/lephysiquebcn.com\/ca\/producte\/maquina-fitness-2\/\" \/>\n<meta property=\"og:locale\" content=\"ca_ES\" \/>\n<meta property=\"og:type\" content=\"article\" \/>\n<meta property=\"og:title\" content=\"Hack 45 - Le Physique Barcelona\" \/>\n<meta property=\"og:description\" content=\"Hack 45, plataforma con angulaci\u00f3n regulable, permite grandes cargas, y trabajar tanto de cara como invertido, as\u00ed conseguimos cambiar en la misma m\u00e1quina el c\u00f3mo incide el peso en diferentes zonas del cu\u00e1driceps.   Largo-2300 mm.  Alto-1500 mm.  Ancho-700 mm.\" \/>\n<meta property=\"og:url\" content=\"https:\/\/lephysiquebcn.com\/ca\/producte\/maquina-fitness-2\/\" \/>\n<meta property=\"og:site_name\" content=\"lephysiquebcn.com\" \/>\n<meta property=\"article:modified_time\" content=\"2024-07-08T07:55:26+00:00\" \/>\n<meta property=\"og:image\" content=\"https:\/\/lephysiquebcn.com\/wp-content\/uploads\/2023\/05\/Diseno-sin-titulo-100.jpg\" \/>\n\t<meta property=\"og:image:width\" content=\"1080\" \/>\n\t<meta property=\"og:image:height\" content=\"1080\" \/>\n\t<meta property=\"og:image:type\" content=\"image\/jpeg\" \/>\n<meta name=\"twitter:card\" content=\"summary_large_image\" \/>\n<meta name=\"twitter:label1\" content=\"Temps estimat de lectura\" \/>\n\t<meta name=\"twitter:data1\" content=\"1 minut\" \/>\n<script type=\"application\/ld+json\" class=\"yoast-schema-graph\">{\"@context\":\"https:\\\/\\\/schema.org\",\"@graph\":[{\"@type\":\"WebPage\",\"@id\":\"https:\\\/\\\/lephysiquebcn.com\\\/producto\\\/maquina-fitness-2\\\/\",\"url\":\"https:\\\/\\\/lephysiquebcn.com\\\/producto\\\/maquina-fitness-2\\\/\",\"name\":\"Hack 45 - Le Physique Barcelona\",\"isPartOf\":{\"@id\":\"https:\\\/\\\/lephysiquebcn.com\\\/#website\"},\"primaryImageOfPage\":{\"@id\":\"https:\\\/\\\/lephysiquebcn.com\\\/producto\\\/maquina-fitness-2\\\/#primaryimage\"},\"image\":{\"@id\":\"https:\\\/\\\/lephysiquebcn.com\\\/producto\\\/maquina-fitness-2\\\/#primaryimage\"},\"thumbnailUrl\":\"https:\\\/\\\/lephysiquebcn.com\\\/wp-content\\\/uploads\\\/2023\\\/05\\\/Diseno-sin-titulo-100.jpg\",\"datePublished\":\"2023-05-11T09:15:55+00:00\",\"dateModified\":\"2024-07-08T07:55:26+00:00\",\"breadcrumb\":{\"@id\":\"https:\\\/\\\/lephysiquebcn.com\\\/producto\\\/maquina-fitness-2\\\/#breadcrumb\"},\"inLanguage\":\"ca\",\"potentialAction\":[{\"@type\":\"ReadAction\",\"target\":[\"https:\\\/\\\/lephysiquebcn.com\\\/producto\\\/maquina-fitness-2\\\/\"]}]},{\"@type\":\"ImageObject\",\"inLanguage\":\"ca\",\"@id\":\"https:\\\/\\\/lephysiquebcn.com\\\/producto\\\/maquina-fitness-2\\\/#primaryimage\",\"url\":\"https:\\\/\\\/lephysiquebcn.com\\\/wp-content\\\/uploads\\\/2023\\\/05\\\/Diseno-sin-titulo-100.jpg\",\"contentUrl\":\"https:\\\/\\\/lephysiquebcn.com\\\/wp-content\\\/uploads\\\/2023\\\/05\\\/Diseno-sin-titulo-100.jpg\",\"width\":1080,\"height\":1080},{\"@type\":\"BreadcrumbList\",\"@id\":\"https:\\\/\\\/lephysiquebcn.com\\\/producto\\\/maquina-fitness-2\\\/#breadcrumb\",\"itemListElement\":[{\"@type\":\"ListItem\",\"position\":1,\"name\":\"Portada\",\"item\":\"https:\\\/\\\/lephysiquebcn.com\\\/\"},{\"@type\":\"ListItem\",\"position\":2,\"name\":\"Tienda\",\"item\":\"https:\\\/\\\/lephysiquebcn.com\\\/tienda\\\/\"},{\"@type\":\"ListItem\",\"position\":3,\"name\":\"Hack 45\u00ba\"}]},{\"@type\":\"WebSite\",\"@id\":\"https:\\\/\\\/lephysiquebcn.com\\\/#website\",\"url\":\"https:\\\/\\\/lephysiquebcn.com\\\/\",\"name\":\"lephysiquebcn.com\",\"description\":\"Otro sitio realizado con WordPress\",\"publisher\":{\"@id\":\"https:\\\/\\\/lephysiquebcn.com\\\/#organization\"},\"potentialAction\":[{\"@type\":\"SearchAction\",\"target\":{\"@type\":\"EntryPoint\",\"urlTemplate\":\"https:\\\/\\\/lephysiquebcn.com\\\/?s={search_term_string}\"},\"query-input\":{\"@type\":\"PropertyValueSpecification\",\"valueRequired\":true,\"valueName\":\"search_term_string\"}}],\"inLanguage\":\"ca\"},{\"@type\":\"Organization\",\"@id\":\"https:\\\/\\\/lephysiquebcn.com\\\/#organization\",\"name\":\"lephysiquebcn.com\",\"url\":\"https:\\\/\\\/lephysiquebcn.com\\\/\",\"logo\":{\"@type\":\"ImageObject\",\"inLanguage\":\"ca\",\"@id\":\"https:\\\/\\\/lephysiquebcn.com\\\/#\\\/schema\\\/logo\\\/image\\\/\",\"url\":\"https:\\\/\\\/lephysiquebcn.com\\\/wp-content\\\/uploads\\\/2023\\\/05\\\/cropped-Logo-Le-Physique-BCN.png\",\"contentUrl\":\"https:\\\/\\\/lephysiquebcn.com\\\/wp-content\\\/uploads\\\/2023\\\/05\\\/cropped-Logo-Le-Physique-BCN.png\",\"width\":900,\"height\":300,\"caption\":\"lephysiquebcn.com\"},\"image\":{\"@id\":\"https:\\\/\\\/lephysiquebcn.com\\\/#\\\/schema\\\/logo\\\/image\\\/\"}}]}<\/script>\n<!-- \/ Yoast SEO plugin. -->","yoast_head_json":{"title":"Hack 45 - Le Physique Barcelona","robots":{"index":"index","follow":"follow","max-snippet":"max-snippet:-1","max-image-preview":"max-image-preview:large","max-video-preview":"max-video-preview:-1"},"canonical":"https:\/\/lephysiquebcn.com\/ca\/producte\/maquina-fitness-2\/","og_locale":"ca_ES","og_type":"article","og_title":"Hack 45 - Le Physique Barcelona","og_description":"Hack 45, plataforma con angulaci\u00f3n regulable, permite grandes cargas, y trabajar tanto de cara como invertido, as\u00ed conseguimos cambiar en la misma m\u00e1quina el c\u00f3mo incide el peso en diferentes zonas del cu\u00e1driceps.   Largo-2300 mm.  Alto-1500 mm.  Ancho-700 mm.","og_url":"https:\/\/lephysiquebcn.com\/ca\/producte\/maquina-fitness-2\/","og_site_name":"lephysiquebcn.com","article_modified_time":"2024-07-08T07:55:26+00:00","og_image":[{"width":1080,"height":1080,"url":"https:\/\/lephysiquebcn.com\/wp-content\/uploads\/2023\/05\/Diseno-sin-titulo-100.jpg","type":"image\/jpeg"}],"twitter_card":"summary_large_image","twitter_misc":{"Temps estimat de lectura":"1 minut"},"schema":{"@context":"https:\/\/schema.org","@graph":[{"@type":"WebPage","@id":"https:\/\/lephysiquebcn.com\/producto\/maquina-fitness-2\/","url":"https:\/\/lephysiquebcn.com\/producto\/maquina-fitness-2\/","name":"Hack 45 - Le Physique Barcelona","isPartOf":{"@id":"https:\/\/lephysiquebcn.com\/#website"},"primaryImageOfPage":{"@id":"https:\/\/lephysiquebcn.com\/producto\/maquina-fitness-2\/#primaryimage"},"image":{"@id":"https:\/\/lephysiquebcn.com\/producto\/maquina-fitness-2\/#primaryimage"},"thumbnailUrl":"https:\/\/lephysiquebcn.com\/wp-content\/uploads\/2023\/05\/Diseno-sin-titulo-100.jpg","datePublished":"2023-05-11T09:15:55+00:00","dateModified":"2024-07-08T07:55:26+00:00","breadcrumb":{"@id":"https:\/\/lephysiquebcn.com\/producto\/maquina-fitness-2\/#breadcrumb"},"inLanguage":"ca","potentialAction":[{"@type":"ReadAction","target":["https:\/\/lephysiquebcn.com\/producto\/maquina-fitness-2\/"]}]},{"@type":"ImageObject","inLanguage":"ca","@id":"https:\/\/lephysiquebcn.com\/producto\/maquina-fitness-2\/#primaryimage","url":"https:\/\/lephysiquebcn.com\/wp-content\/uploads\/2023\/05\/Diseno-sin-titulo-100.jpg","contentUrl":"https:\/\/lephysiquebcn.com\/wp-content\/uploads\/2023\/05\/Diseno-sin-titulo-100.jpg","width":1080,"height":1080},{"@type":"BreadcrumbList","@id":"https:\/\/lephysiquebcn.com\/producto\/maquina-fitness-2\/#breadcrumb","itemListElement":[{"@type":"ListItem","position":1,"name":"Portada","item":"https:\/\/lephysiquebcn.com\/"},{"@type":"ListItem","position":2,"name":"Tienda","item":"https:\/\/lephysiquebcn.com\/tienda\/"},{"@type":"ListItem","position":3,"name":"Hack 45\u00ba"}]},{"@type":"WebSite","@id":"https:\/\/lephysiquebcn.com\/#website","url":"https:\/\/lephysiquebcn.com\/","name":"lephysiquebcn.com","description":"Otro sitio realizado con WordPress","publisher":{"@id":"https:\/\/lephysiquebcn.com\/#organization"},"potentialAction":[{"@type":"SearchAction","target":{"@type":"EntryPoint","urlTemplate":"https:\/\/lephysiquebcn.com\/?s={search_term_string}"},"query-input":{"@type":"PropertyValueSpecification","valueRequired":true,"valueName":"search_term_string"}}],"inLanguage":"ca"},{"@type":"Organization","@id":"https:\/\/lephysiquebcn.com\/#organization","name":"lephysiquebcn.com","url":"https:\/\/lephysiquebcn.com\/","logo":{"@type":"ImageObject","inLanguage":"ca","@id":"https:\/\/lephysiquebcn.com\/#\/schema\/logo\/image\/","url":"https:\/\/lephysiquebcn.com\/wp-content\/uploads\/2023\/05\/cropped-Logo-Le-Physique-BCN.png","contentUrl":"https:\/\/lephysiquebcn.com\/wp-content\/uploads\/2023\/05\/cropped-Logo-Le-Physique-BCN.png","width":900,"height":300,"caption":"lephysiquebcn.com"},"image":{"@id":"https:\/\/lephysiquebcn.com\/#\/schema\/logo\/image\/"}}]}},"_links":{"self":[{"href":"https:\/\/lephysiquebcn.com\/ca\/wp-json\/wp\/v2\/product\/49","targetHints":{"allow":["GET"]}}],"collection":[{"href":"https:\/\/lephysiquebcn.com\/ca\/wp-json\/wp\/v2\/product"}],"about":[{"href":"https:\/\/lephysiquebcn.com\/ca\/wp-json\/wp\/v2\/types\/product"}],"replies":[{"embeddable":true,"href":"https:\/\/lephysiquebcn.com\/ca\/wp-json\/wp\/v2\/comments?post=49"}],"wp:featuredmedia":[{"embeddable":true,"href":"https:\/\/lephysiquebcn.com\/ca\/wp-json\/wp\/v2\/media\/195"}],"wp:attachment":[{"href":"https:\/\/lephysiquebcn.com\/ca\/wp-json\/wp\/v2\/media?parent=49"}],"wp:term":[{"taxonomy":"product_brand","embeddable":true,"href":"https:\/\/lephysiquebcn.com\/ca\/wp-json\/wp\/v2\/product_brand?post=49"},{"taxonomy":"product_cat","embeddable":true,"href":"https:\/\/lephysiquebcn.com\/ca\/wp-json\/wp\/v2\/product_cat?post=49"},{"taxonomy":"product_tag","embeddable":true,"href":"https:\/\/lephysiquebcn.com\/ca\/wp-json\/wp\/v2\/product_tag?post=49"}],"curies":[{"name":"wp","href":"https:\/\/api.w.org\/{rel}","templated":true}]}}